{"id":3515,"date":"2017-12-24T14:21:03","date_gmt":"2017-12-24T13:21:03","guid":{"rendered":"https:\/\/www.hoteldueleoni.it\/atlas-homepage\/"},"modified":"2018-10-20T20:56:32","modified_gmt":"2018-10-20T18:56:32","slug":"atlas-homepage","status":"publish","type":"page","link":"https:\/\/www.hoteldueleoni.it\/de\/","title":{"rendered":"Hotel Due Leoni, Sacile (Pordenone) Friaul &#8211; Italien"},"content":{"rendered":"","protected":false},"excerpt":{"rendered":"<p>Das Hotel Due Leoni ist eine perfekte Kombination aus raffinierten Umgebungen und modernen Dienstleistungen. Alles wurde gedacht, um die besondere Bed\u00fcrfnisse der G\u00e4ste zu l\u00f6sen, sowohl Touristen als auch Gesch\u00e4ftsleute.  +39 0434.788111<\/p>\n","protected":false},"author":1,"featured_media":3516,"parent":0,"menu_order":0,"comment_status":"closed","ping_status":"closed","template":"","meta":{"footnotes":""},"class_list":["post-3515","page","type-page","status-publish","has-post-thumbnail","hentry"],"jetpack_shortlink":"https:\/\/wp.me\/P9in17-UH","jetpack_sharing_enabled":true,"_links":{"self":[{"href":"https:\/\/www.hoteldueleoni.it\/de\/wp-json\/wp\/v2\/pages\/3515","targetHints":{"allow":["GET"]}}],"collection":[{"href":"https:\/\/www.hoteldueleoni.it\/de\/wp-json\/wp\/v2\/pages"}],"about":[{"href":"https:\/\/www.hoteldueleoni.it\/de\/wp-json\/wp\/v2\/types\/page"}],"author":[{"embeddable":true,"href":"https:\/\/www.hoteldueleoni.it\/de\/wp-json\/wp\/v2\/users\/1"}],"replies":[{"embeddable":true,"href":"https:\/\/www.hoteldueleoni.it\/de\/wp-json\/wp\/v2\/comments?post=3515"}],"version-history":[{"count":0,"href":"https:\/\/www.hoteldueleoni.it\/de\/wp-json\/wp\/v2\/pages\/3515\/revisions"}],"wp:featuredmedia":[{"embeddable":true,"href":"https:\/\/www.hoteldueleoni.it\/de\/wp-json\/wp\/v2\/media\/3516"}],"wp:attachment":[{"href":"https:\/\/www.hoteldueleoni.it\/de\/wp-json\/wp\/v2\/media?parent=3515"}],"curies":[{"name":"wp","href":"https:\/\/api.w.org\/{rel}","templated":true}]}}