{"id":3524,"date":"2017-10-21T08:03:54","date_gmt":"2017-10-21T06:03:54","guid":{"rendered":"https:\/\/www.hoteldueleoni.it\/hotel\/"},"modified":"2018-10-20T20:29:46","modified_gmt":"2018-10-20T18:29:46","slug":"hotel","status":"publish","type":"page","link":"https:\/\/www.hoteldueleoni.it\/de\/hotel\/","title":{"rendered":"Informationen \u00fcber Hotel Due Leoni in Sacile (Pordenone) Italien"},"content":{"rendered":"","protected":false},"excerpt":{"rendered":"<p>Dank der kleinen und gr\u00f6\u00dfen Aufmerksamkeiten, die wir den G\u00e4sten schenken, ist das Hotel Due Leoni eines der renommiertesten Hotels der Region Friaul Julisch Venetien. Unsere wahre und echte Gastfreundlichkeit, unsere Verf\u00fcgbarkeit, unser L\u00e4cheln, unser Berufsethos&#8230;das alles macht uns beliebt und zeichnet uns aus. +39 0434.788111<\/p>\n","protected":false},"author":1,"featured_media":3525,"parent":0,"menu_order":0,"comment_status":"closed","ping_status":"closed","template":"","meta":{"footnotes":""},"class_list":["post-3524","page","type-page","status-publish","has-post-thumbnail","hentry"],"jetpack_shortlink":"https:\/\/wp.me\/P9in17-UQ","jetpack_sharing_enabled":true,"_links":{"self":[{"href":"https:\/\/www.hoteldueleoni.it\/de\/wp-json\/wp\/v2\/pages\/3524","targetHints":{"allow":["GET"]}}],"collection":[{"href":"https:\/\/www.hoteldueleoni.it\/de\/wp-json\/wp\/v2\/pages"}],"about":[{"href":"https:\/\/www.hoteldueleoni.it\/de\/wp-json\/wp\/v2\/types\/page"}],"author":[{"embeddable":true,"href":"https:\/\/www.hoteldueleoni.it\/de\/wp-json\/wp\/v2\/users\/1"}],"replies":[{"embeddable":true,"href":"https:\/\/www.hoteldueleoni.it\/de\/wp-json\/wp\/v2\/comments?post=3524"}],"version-history":[{"count":0,"href":"https:\/\/www.hoteldueleoni.it\/de\/wp-json\/wp\/v2\/pages\/3524\/revisions"}],"wp:featuredmedia":[{"embeddable":true,"href":"https:\/\/www.hoteldueleoni.it\/de\/wp-json\/wp\/v2\/media\/3525"}],"wp:attachment":[{"href":"https:\/\/www.hoteldueleoni.it\/de\/wp-json\/wp\/v2\/media?parent=3524"}],"curies":[{"name":"wp","href":"https:\/\/api.w.org\/{rel}","templated":true}]}}