{"id":3544,"date":"2017-11-18T00:53:34","date_gmt":"2017-11-17T23:53:34","guid":{"rendered":"https:\/\/www.hoteldueleoni.it\/meeting\/"},"modified":"2018-10-20T20:44:33","modified_gmt":"2018-10-20T18:44:33","slug":"meeting","status":"publish","type":"page","link":"https:\/\/www.hoteldueleoni.it\/de\/meeting\/","title":{"rendered":"Die Tagungsr\u00e4ume des Due Leoni Hotels"},"content":{"rendered":"","protected":false},"excerpt":{"rendered":"<p>Unter den verschiedenen Dienstleistungen bietet das Hotel Due Leoni 2 Tagungsr\u00e4ume f\u00fcr bis zu 50 Personen; Beide Konferenzr\u00e4ume sind mit Overhead-Projektor, Flipcharts, TV, DVD \/ VHS, Audio-System und WLAN ausgestattet. +39 0434.788111<\/p>\n","protected":false},"author":1,"featured_media":3545,"parent":0,"menu_order":0,"comment_status":"open","ping_status":"closed","template":"","meta":{"footnotes":""},"class_list":["post-3544","page","type-page","status-publish","has-post-thumbnail","hentry"],"jetpack_shortlink":"https:\/\/wp.me\/P9in17-Va","jetpack_sharing_enabled":true,"_links":{"self":[{"href":"https:\/\/www.hoteldueleoni.it\/de\/wp-json\/wp\/v2\/pages\/3544","targetHints":{"allow":["GET"]}}],"collection":[{"href":"https:\/\/www.hoteldueleoni.it\/de\/wp-json\/wp\/v2\/pages"}],"about":[{"href":"https:\/\/www.hoteldueleoni.it\/de\/wp-json\/wp\/v2\/types\/page"}],"author":[{"embeddable":true,"href":"https:\/\/www.hoteldueleoni.it\/de\/wp-json\/wp\/v2\/users\/1"}],"replies":[{"embeddable":true,"href":"https:\/\/www.hoteldueleoni.it\/de\/wp-json\/wp\/v2\/comments?post=3544"}],"version-history":[{"count":0,"href":"https:\/\/www.hoteldueleoni.it\/de\/wp-json\/wp\/v2\/pages\/3544\/revisions"}],"wp:featuredmedia":[{"embeddable":true,"href":"https:\/\/www.hoteldueleoni.it\/de\/wp-json\/wp\/v2\/media\/3545"}],"wp:attachment":[{"href":"https:\/\/www.hoteldueleoni.it\/de\/wp-json\/wp\/v2\/media?parent=3544"}],"curies":[{"name":"wp","href":"https:\/\/api.w.org\/{rel}","templated":true}]}}