{"id":3465,"date":"2017-12-24T14:21:03","date_gmt":"2017-12-24T13:21:03","guid":{"rendered":"https:\/\/www.hoteldueleoni.it\/atlas-homepage\/"},"modified":"2018-10-20T20:58:54","modified_gmt":"2018-10-20T18:58:54","slug":"atlas-homepage","status":"publish","type":"page","link":"https:\/\/www.hoteldueleoni.it\/es\/","title":{"rendered":"Hotel Due Leoni, Sacile (Pordenone) Italia"},"content":{"rendered":"","protected":false},"excerpt":{"rendered":"<p>El Hotel Due Leoni se ha convertido, d\u00eda tras d\u00eda, gracias a las peque\u00f1as y grandes atenciones reservadas a los hu\u00e9spedes, en uno de los hoteles m\u00e1s apreciados de la regi\u00f3n Friuli Venezia Giulia. +39 0434.788111<\/p>\n","protected":false},"author":1,"featured_media":3466,"parent":0,"menu_order":0,"comment_status":"closed","ping_status":"closed","template":"","meta":{"footnotes":""},"class_list":["post-3465","page","type-page","status-publish","has-post-thumbnail","hentry"],"jetpack_shortlink":"https:\/\/wp.me\/P9in17-TT","jetpack_sharing_enabled":true,"_links":{"self":[{"href":"https:\/\/www.hoteldueleoni.it\/es\/wp-json\/wp\/v2\/pages\/3465","targetHints":{"allow":["GET"]}}],"collection":[{"href":"https:\/\/www.hoteldueleoni.it\/es\/wp-json\/wp\/v2\/pages"}],"about":[{"href":"https:\/\/www.hoteldueleoni.it\/es\/wp-json\/wp\/v2\/types\/page"}],"author":[{"embeddable":true,"href":"https:\/\/www.hoteldueleoni.it\/es\/wp-json\/wp\/v2\/users\/1"}],"replies":[{"embeddable":true,"href":"https:\/\/www.hoteldueleoni.it\/es\/wp-json\/wp\/v2\/comments?post=3465"}],"version-history":[{"count":0,"href":"https:\/\/www.hoteldueleoni.it\/es\/wp-json\/wp\/v2\/pages\/3465\/revisions"}],"wp:featuredmedia":[{"embeddable":true,"href":"https:\/\/www.hoteldueleoni.it\/es\/wp-json\/wp\/v2\/media\/3466"}],"wp:attachment":[{"href":"https:\/\/www.hoteldueleoni.it\/es\/wp-json\/wp\/v2\/media?parent=3465"}],"curies":[{"name":"wp","href":"https:\/\/api.w.org\/{rel}","templated":true}]}}