{"id":3414,"date":"2017-10-21T08:03:54","date_gmt":"2017-10-21T06:03:54","guid":{"rendered":"https:\/\/www.hoteldueleoni.it\/hotel\/"},"modified":"2018-10-20T18:26:43","modified_gmt":"2018-10-20T16:26:43","slug":"hotel","status":"publish","type":"page","link":"https:\/\/www.hoteldueleoni.it\/fr\/hotel\/","title":{"rendered":"L&rsquo;h\u00f4tel Due Leoni \u00e0 Sacile (Pordenone) &#8211; Italie"},"content":{"rendered":"","protected":false},"excerpt":{"rendered":"<p>L\u2019H\u00f4tel Due Leoni \u00e0 Sacile est devenu, jour apr\u00e8s jour, gr\u00e2ce aux petites et grandes attentions accord\u00e9e aux clients, un des h\u00f4tels les plus appr\u00e9ci\u00e9s dans la r\u00e9gion du Frioul-V\u00e9n\u00e9tie julienne. Tel. +39 0434.788111<\/p>\n","protected":false},"author":1,"featured_media":3415,"parent":0,"menu_order":0,"comment_status":"closed","ping_status":"closed","template":"","meta":{"footnotes":""},"class_list":["post-3414","page","type-page","status-publish","has-post-thumbnail","hentry"],"jetpack_shortlink":"https:\/\/wp.me\/P9in17-T4","jetpack_sharing_enabled":true,"_links":{"self":[{"href":"https:\/\/www.hoteldueleoni.it\/fr\/wp-json\/wp\/v2\/pages\/3414","targetHints":{"allow":["GET"]}}],"collection":[{"href":"https:\/\/www.hoteldueleoni.it\/fr\/wp-json\/wp\/v2\/pages"}],"about":[{"href":"https:\/\/www.hoteldueleoni.it\/fr\/wp-json\/wp\/v2\/types\/page"}],"author":[{"embeddable":true,"href":"https:\/\/www.hoteldueleoni.it\/fr\/wp-json\/wp\/v2\/users\/1"}],"replies":[{"embeddable":true,"href":"https:\/\/www.hoteldueleoni.it\/fr\/wp-json\/wp\/v2\/comments?post=3414"}],"version-history":[{"count":0,"href":"https:\/\/www.hoteldueleoni.it\/fr\/wp-json\/wp\/v2\/pages\/3414\/revisions"}],"wp:featuredmedia":[{"embeddable":true,"href":"https:\/\/www.hoteldueleoni.it\/fr\/wp-json\/wp\/v2\/media\/3415"}],"wp:attachment":[{"href":"https:\/\/www.hoteldueleoni.it\/fr\/wp-json\/wp\/v2\/media?parent=3414"}],"curies":[{"name":"wp","href":"https:\/\/api.w.org\/{rel}","templated":true}]}}