{"id":3434,"date":"2017-11-18T00:53:34","date_gmt":"2017-11-17T23:53:34","guid":{"rendered":"https:\/\/www.hoteldueleoni.it\/meeting\/"},"modified":"2018-10-20T17:22:26","modified_gmt":"2018-10-20T15:22:26","slug":"meeting","status":"publish","type":"page","link":"https:\/\/www.hoteldueleoni.it\/fr\/meeting\/","title":{"rendered":"Salles de r\u00e9union &#8211; Hotel Due Leoni"},"content":{"rendered":"","protected":false},"excerpt":{"rendered":"<p>Entre diff\u00e9rents services, l\u2019H\u00f4tel Due Leoni propose deux salles de r\u00e9union jusqu&rsquo;\u00e0 50 postes\u00a0; Les salles sont dot\u00e9es du tableau \u00e0 feuillets mobiles, vid\u00e9o projecteur, lecteur de DVD\/VHS, t\u00e9l\u00e9vision, syst\u00e8me audio et Wi-Fi. +39 0434.788111<\/p>\n","protected":false},"author":1,"featured_media":3435,"parent":0,"menu_order":0,"comment_status":"open","ping_status":"closed","template":"","meta":{"footnotes":""},"class_list":["post-3434","page","type-page","status-publish","has-post-thumbnail","hentry"],"jetpack_shortlink":"https:\/\/wp.me\/P9in17-To","jetpack_sharing_enabled":true,"_links":{"self":[{"href":"https:\/\/www.hoteldueleoni.it\/fr\/wp-json\/wp\/v2\/pages\/3434","targetHints":{"allow":["GET"]}}],"collection":[{"href":"https:\/\/www.hoteldueleoni.it\/fr\/wp-json\/wp\/v2\/pages"}],"about":[{"href":"https:\/\/www.hoteldueleoni.it\/fr\/wp-json\/wp\/v2\/types\/page"}],"author":[{"embeddable":true,"href":"https:\/\/www.hoteldueleoni.it\/fr\/wp-json\/wp\/v2\/users\/1"}],"replies":[{"embeddable":true,"href":"https:\/\/www.hoteldueleoni.it\/fr\/wp-json\/wp\/v2\/comments?post=3434"}],"version-history":[{"count":0,"href":"https:\/\/www.hoteldueleoni.it\/fr\/wp-json\/wp\/v2\/pages\/3434\/revisions"}],"wp:featuredmedia":[{"embeddable":true,"href":"https:\/\/www.hoteldueleoni.it\/fr\/wp-json\/wp\/v2\/media\/3435"}],"wp:attachment":[{"href":"https:\/\/www.hoteldueleoni.it\/fr\/wp-json\/wp\/v2\/media?parent=3434"}],"curies":[{"name":"wp","href":"https:\/\/api.w.org\/{rel}","templated":true}]}}