{"id":3438,"date":"2017-08-21T08:04:28","date_gmt":"2017-08-21T06:04:28","guid":{"rendered":"https:\/\/www.hoteldueleoni.it\/contatti\/"},"modified":"2018-10-26T19:49:30","modified_gmt":"2018-10-26T17:49:30","slug":"contatti","status":"publish","type":"page","link":"https:\/\/www.hoteldueleoni.it\/fr\/contatti\/","title":{"rendered":"Contactez l&rsquo;h\u00f4tel Due Leoni \u00e0 Sacile &#8211; Pordenone (Italie)"},"content":{"rendered":"","protected":false},"excerpt":{"rendered":"<p>Contactez l\u2019h\u00f4tel Due Leoni di Sacile pour obtenir des informations, des r\u00e9servations et des devis. Pour les chambres, les salles de bien-\u00eatre et de r\u00e9union. +39 0434.788111<\/p>\n","protected":false},"author":1,"featured_media":3415,"parent":0,"menu_order":0,"comment_status":"closed","ping_status":"closed","template":"","meta":{"footnotes":""},"class_list":["post-3438","page","type-page","status-publish","has-post-thumbnail","hentry"],"jetpack_shortlink":"https:\/\/wp.me\/P9in17-Ts","jetpack_sharing_enabled":true,"_links":{"self":[{"href":"https:\/\/www.hoteldueleoni.it\/fr\/wp-json\/wp\/v2\/pages\/3438","targetHints":{"allow":["GET"]}}],"collection":[{"href":"https:\/\/www.hoteldueleoni.it\/fr\/wp-json\/wp\/v2\/pages"}],"about":[{"href":"https:\/\/www.hoteldueleoni.it\/fr\/wp-json\/wp\/v2\/types\/page"}],"author":[{"embeddable":true,"href":"https:\/\/www.hoteldueleoni.it\/fr\/wp-json\/wp\/v2\/users\/1"}],"replies":[{"embeddable":true,"href":"https:\/\/www.hoteldueleoni.it\/fr\/wp-json\/wp\/v2\/comments?post=3438"}],"version-history":[{"count":0,"href":"https:\/\/www.hoteldueleoni.it\/fr\/wp-json\/wp\/v2\/pages\/3438\/revisions"}],"wp:featuredmedia":[{"embeddable":true,"href":"https:\/\/www.hoteldueleoni.it\/fr\/wp-json\/wp\/v2\/media\/3415"}],"wp:attachment":[{"href":"https:\/\/www.hoteldueleoni.it\/fr\/wp-json\/wp\/v2\/media?parent=3438"}],"curies":[{"name":"wp","href":"https:\/\/api.w.org\/{rel}","templated":true}]}}